{"id":27,"date":"2018-06-11T11:32:50","date_gmt":"2018-06-11T11:32:50","guid":{"rendered":"http:\/\/www.childsplay.ch\/?page_id=27"},"modified":"2018-08-29T20:17:54","modified_gmt":"2018-08-29T20:17:54","slug":"home","status":"publish","type":"page","link":"https:\/\/www.childsplay.ch\/","title":{"rendered":"Produkt"},"content":{"rendered":"<h2>Unbegrenzte Einsatzm\u00f6glichkeiten mit ChildsPlay<\/h2>\n<p>Das Teppichvlies NottsSward\u00ae 1300 ist vom Otto-Graf-Institut Stuttgart, Deutschland getestet worden und entspricht den Anforderungen der DIN 18035-7. Auch die britischen Standards nach\u00a0 S7044 werden erf\u00fcllt. F\u00fcr verschiedene Sportarten werden unterschiedliche Systeme eingesetzt. Wir bieten L\u00f6sungen f\u00fcr jeden Unterbau. Sie erhalten immer das optimale Spielfeld. Wartung und Pflege sind minimal. Sprechen Sie mit uns und lassen Sie sich von unserem hochqualitativen Vlies begeistern.<\/p>\n<div class=\"wrapper pad\">\n<ul class=\"list_1 col-1\">\n<li>attraktiv<\/li>\n<li>taktil<\/li>\n<li>robust<\/li>\n<li>haltbar<\/li>\n<li>resistent gegen mutwillige Zerst\u00f6rung<\/li>\n<li>l\u00e4sst Wasser schnell ablaufen<\/li>\n<li>angenehme Unterlage<\/li>\n<li>resistent gegen Feuer, Schnitte und Graffiti<\/li>\n<li>einfach und wirtschaftlich, mit minimalem Zeit- und Arbeitsaufwand bei Ausbesserungen<\/li>\n<\/ul>\n<hr \/>\n<h3>VHAF\u00ae NottsSward\u00ae<\/h3>\n<p>Das VHAF\u00ae NottsSward\u00ae basiert auf Polypropylen. Der eingeharkte Sand bleibt durch die Art der speziell gewebten Teppiche viel l\u00e4nger als sonst \u00fcblich haften.<\/p>\n<div class=\"wrapper pad\">\n<ul class=\"list_1 col-1\">\n<li>Das Material ist nicht entflammbar.<\/li>\n<li>Das Material wurde gem\u00e4ss allen relevanten BS &amp; EN Standards getestet.<\/li>\n<li>Es wird eine Garantie von f\u00fcnf Jahren auf das VHAF\u00ae NottsSward\u00ae Material gew\u00e4hrt.<\/li>\n<li>Ausserdem wird eine Garantie von einem Jahr auf die aktuelle Installation des Belags gew\u00e4hrt (wenn eine zertifizierter Premium Partner die Verlegung vornimmt).<\/li>\n<li>Alle Installationsarbeiten, bei denen die Produktpalette von NottsSport\u00ae zum Einsatz kommt, k\u00f6nnen von einem zugelassenen Lieferanten ausgef\u00fchrt werden.<\/li>\n<li>Keines der Materialien, die in einer ChildsPlay\u00ae Installation eingesetzt werden, ben\u00f6tigen eine COSHH Kennzeichnung.<\/li>\n<li>Auch der verwendete Kleber, Evode Polyshot, enth\u00e4lt keine Giftstoffe.<\/li>\n<\/ul>\n<p>&nbsp;<\/p>\n<p><a href=\"http:\/\/www.childsplay.ch\/wp-content\/uploads\/2016\/09\/tfile_gall_1_28-big.jpg\"><img loading=\"lazy\" decoding=\"async\" class=\"alignnone size-full wp-image-5\" src=\"http:\/\/www.childsplay.ch\/wp-content\/uploads\/2016\/09\/tfile_gall_1_28-big.jpg\" alt=\"\" width=\"480\" height=\"561\" srcset=\"https:\/\/www.childsplay.ch\/wp-content\/uploads\/2016\/09\/tfile_gall_1_28-big.jpg 480w, https:\/\/www.childsplay.ch\/wp-content\/uploads\/2016\/09\/tfile_gall_1_28-big-257x300.jpg 257w\" sizes=\"auto, (max-width: 480px) 100vw, 480px\" \/><\/a><\/p>\n<\/div>\n<\/div>\n","protected":false},"excerpt":{"rendered":"<p>Unbegrenzte Einsatzm\u00f6glichkeiten mit ChildsPlay Das Teppichvlies NottsSward\u00ae 1300 ist vom Otto-Graf-Institut Stuttgart, Deutschland getestet worden und entspricht den Anforderungen der DIN 18035-7. Auch die britischen Standards nach\u00a0 S7044 werden erf\u00fcllt. F\u00fcr verschiedene Sportarten werden unterschiedliche Systeme eingesetzt. Wir bieten L\u00f6sungen f\u00fcr jeden Unterbau. Sie erhalten immer das optimale Spielfeld. Wartung&hellip; <\/p>\n","protected":false},"author":1,"featured_media":0,"parent":0,"menu_order":0,"comment_status":"closed","ping_status":"closed","template":"","meta":{"footnotes":""},"class_list":["post-27","page","type-page","status-publish","hentry"],"_links":{"self":[{"href":"https:\/\/www.childsplay.ch\/index.php?rest_route=\/wp\/v2\/pages\/27","targetHints":{"allow":["GET"]}}],"collection":[{"href":"https:\/\/www.childsplay.ch\/index.php?rest_route=\/wp\/v2\/pages"}],"about":[{"href":"https:\/\/www.childsplay.ch\/index.php?rest_route=\/wp\/v2\/types\/page"}],"author":[{"embeddable":true,"href":"https:\/\/www.childsplay.ch\/index.php?rest_route=\/wp\/v2\/users\/1"}],"replies":[{"embeddable":true,"href":"https:\/\/www.childsplay.ch\/index.php?rest_route=%2Fwp%2Fv2%2Fcomments&post=27"}],"version-history":[{"count":9,"href":"https:\/\/www.childsplay.ch\/index.php?rest_route=\/wp\/v2\/pages\/27\/revisions"}],"predecessor-version":[{"id":64,"href":"https:\/\/www.childsplay.ch\/index.php?rest_route=\/wp\/v2\/pages\/27\/revisions\/64"}],"wp:attachment":[{"href":"https:\/\/www.childsplay.ch\/index.php?rest_route=%2Fwp%2Fv2%2Fmedia&parent=27"}],"curies":[{"name":"wp","href":"https:\/\/api.w.org\/{rel}","templated":true}]}}